{"id":1001,"date":"2021-01-05T09:54:49","date_gmt":"2021-01-05T14:54:49","guid":{"rendered":"https:\/\/vls.ecampusontario.ca\/eois\/"},"modified":"2021-10-26T16:16:46","modified_gmt":"2021-10-26T20:16:46","slug":"mi","status":"publish","type":"page","link":"https:\/\/vls.ecampusontario.ca\/fr\/mi\/","title":{"rendered":"Manifestation d\u2019int\u00e9r\u00eat"},"content":{"rendered":"<p>[et_pb_section fb_built=\u00a0\u00bb1&Prime; admin_label=\u00a0\u00bbLanding Hero\u00a0\u00bb _builder_version=\u00a0\u00bb4.7.5&Prime; background_image=\u00a0\u00bbhttps:\/\/vls.ecampusontario.ca\/wp-content\/uploads\/2020\/12\/00-VLS_Hero-1.png\u00a0\u00bb height=\u00a0\u00bb450px\u00a0\u00bb height_tablet=\u00a0\u00bb\u00a0\u00bb height_phone=\u00a0\u00bb210px\u00a0\u00bb height_last_edited=\u00a0\u00bbon|phone\u00a0\u00bb custom_padding=\u00a0\u00bb0px|0px|0px|0px|true|false\u00a0\u00bb animation_style=\u00a0\u00bbslide\u00a0\u00bb animation_direction=\u00a0\u00bbtop\u00a0\u00bb animation_intensity_slide=\u00a0\u00bb2%\u00a0\u00bb da_disable_devices=\u00a0\u00bboff|off|off\u00a0\u00bb locked=\u00a0\u00bboff\u00a0\u00bb global_colors_info=\u00a0\u00bb{}\u00a0\u00bb da_is_popup=\u00a0\u00bboff\u00a0\u00bb da_exit_intent=\u00a0\u00bboff\u00a0\u00bb da_has_close=\u00a0\u00bbon\u00a0\u00bb da_alt_close=\u00a0\u00bboff\u00a0\u00bb da_dark_close=\u00a0\u00bboff\u00a0\u00bb da_not_modal=\u00a0\u00bbon\u00a0\u00bb da_is_singular=\u00a0\u00bboff\u00a0\u00bb da_with_loader=\u00a0\u00bboff\u00a0\u00bb da_has_shadow=\u00a0\u00bbon\u00a0\u00bb][et_pb_row column_structure=\u00a0\u00bb2_5,3_5&Prime; _builder_version=\u00a0\u00bb4.7.5&Prime; _module_preset=\u00a0\u00bbdefault\u00a0\u00bb background_enable_image=\u00a0\u00bboff\u00a0\u00bb width_tablet=\u00a0\u00bb\u00a0\u00bb width_phone=\u00a0\u00bb100%\u00a0\u00bb width_last_edited=\u00a0\u00bbon|desktop\u00a0\u00bb max_width=\u00a0\u00bb100%\u00a0\u00bb height=\u00a0\u00bb100%\u00a0\u00bb height_tablet=\u00a0\u00bb100%\u00a0\u00bb height_phone=\u00a0\u00bb100%\u00a0\u00bb height_last_edited=\u00a0\u00bbon|phone\u00a0\u00bb custom_padding=\u00a0\u00bb0px||0px||true|false\u00a0\u00bb global_colors_info=\u00a0\u00bb{}\u00a0\u00bb][et_pb_column type=\u00a0\u00bb2_5&Prime; _builder_version=\u00a0\u00bb4.6.6&Prime; _module_preset=\u00a0\u00bbdefault\u00a0\u00bb global_colors_info=\u00a0\u00bb{}\u00a0\u00bb][et_pb_text _builder_version=\u00a0\u00bb4.7.5&Prime; _module_preset=\u00a0\u00bbcc0556f2-459b-401b-a0fb-2b1b530c3112&Prime; header_3_text_color=\u00a0\u00bb#fcb53b\u00a0\u00bb header_4_text_color=\u00a0\u00bb#fcb53b\u00a0\u00bb text_orientation=\u00a0\u00bbleft\u00a0\u00bb custom_margin=\u00a0\u00bb60px||20px|40px|false|false\u00a0\u00bb custom_margin_tablet=\u00a0\u00bb30px||||false|false\u00a0\u00bb custom_margin_phone=\u00a0\u00bb10px||||false|false\u00a0\u00bb custom_margin_last_edited=\u00a0\u00bbon|desktop\u00a0\u00bb global_colors_info=\u00a0\u00bb{}\u00a0\u00bb]<\/p>\n<h4>eCampusOntario<\/h4>\n<p>[\/et_pb_text][et_pb_text _builder_version=\u00a0\u00bb4.7.7&Prime; _module_preset=\u00a0\u00bb8c6ed3ff-f576-46b6-bc4a-4774465316bf\u00a0\u00bb text_text_color=\u00a0\u00bb#ffffff\u00a0\u00bb header_2_text_color=\u00a0\u00bb#ffffff\u00a0\u00bb header_3_text_color=\u00a0\u00bb#ffffff\u00a0\u00bb text_orientation=\u00a0\u00bbleft\u00a0\u00bb custom_margin=\u00a0\u00bb||20px|40px|false|false\u00a0\u00bb background_color_tablet=\u00a0\u00bbrgba(30,26,52,0.67)\u00a0\u00bb background_last_edited=\u00a0\u00bbon|phone\u00a0\u00bb background_enable_color_tablet=\u00a0\u00bbon\u00a0\u00bb global_colors_info=\u00a0\u00bb{}\u00a0\u00bb]<\/p>\n<h3>Strat\u00e9gie d&rsquo;apprentissage virtuel (SAV)<br \/>Manifestation d\u2019int\u00e9r\u00eat (MI)<o:p><\/o:p><\/h3>\n<p>[\/et_pb_text][\/et_pb_column][et_pb_column type=\u00a0\u00bb3_5&Prime; _builder_version=\u00a0\u00bb4.6.6&Prime; _module_preset=\u00a0\u00bbdefault\u00a0\u00bb global_colors_info=\u00a0\u00bb{}\u00a0\u00bb][\/et_pb_column][\/et_pb_row][\/et_pb_section][et_pb_section fb_built=\u00a0\u00bb1&Prime; _builder_version=\u00a0\u00bb4.7.3&Prime; _module_preset=\u00a0\u00bbdefault\u00a0\u00bb da_disable_devices=\u00a0\u00bboff|off|off\u00a0\u00bb global_colors_info=\u00a0\u00bb{}\u00a0\u00bb da_is_popup=\u00a0\u00bboff\u00a0\u00bb da_exit_intent=\u00a0\u00bboff\u00a0\u00bb da_has_close=\u00a0\u00bbon\u00a0\u00bb da_alt_close=\u00a0\u00bboff\u00a0\u00bb da_dark_close=\u00a0\u00bboff\u00a0\u00bb da_not_modal=\u00a0\u00bbon\u00a0\u00bb da_is_singular=\u00a0\u00bboff\u00a0\u00bb da_with_loader=\u00a0\u00bboff\u00a0\u00bb da_has_shadow=\u00a0\u00bbon\u00a0\u00bb][et_pb_row _builder_version=\u00a0\u00bb4.7.3&Prime; _module_preset=\u00a0\u00bbdefault\u00a0\u00bb global_colors_info=\u00a0\u00bb{}\u00a0\u00bb][et_pb_column type=\u00a0\u00bb4_4&Prime; _builder_version=\u00a0\u00bb4.7.3&Prime; _module_preset=\u00a0\u00bbdefault\u00a0\u00bb global_colors_info=\u00a0\u00bb{}\u00a0\u00bb][et_pb_text _builder_version=\u00a0\u00bb4.8.2&Prime; _module_preset=\u00a0\u00bbdefault\u00a0\u00bb text_font_size=\u00a0\u00bb24px\u00a0\u00bb text_line_height=\u00a0\u00bb1.8em\u00a0\u00bb global_colors_info=\u00a0\u00bb{}\u00a0\u00bb]<\/p>\n<p>Les demandes pour le portail de la Strat\u00e9gie d\u2019apprentissage virtuel sont d\u00e9sormais termin\u00e9es!\u00a0<\/p>\n<p>Nous f\u00e9licitons tous ceux qui ont demand\u00e9 du financement pour faire avancer les efforts de l\u2019Ontario en mati\u00e8re d\u2019apprentissage virtuel et d\u2019enseignement virtuel.\u00a0Tous les candidats retenus seront inform\u00e9s \u00e0 la suite de l\u2019\u00e9valuation.\u00a0<\/p>\n<p>Cet investissement historique de 50\u00a0millions de dollars du minist\u00e8re des Coll\u00e8ges et Universit\u00e9s de l\u2019Ontario est destin\u00e9 \u00e0 stimuler la croissance et l\u2019avancement de l\u2019apprentissage virtuel dans les \u00e9tablissements d\u2019enseignement postsecondaire de la province. La strat\u00e9gie \u00e9largira les possibilit\u00e9s d\u2019apprentissage traditionnel et permanent gr\u00e2ce \u00e0 l\u2019utilisation acc\u00e9l\u00e9r\u00e9e de l\u2019apprentissage en ligne et hybride.<\/p>\n<p>Visitez le site Web de la Strat\u00e9gie d\u2019apprentissage virtuel, suivez-nous sur Twitter et sur LinkedIn pour d\u2019autres annonces ou mises \u00e0 jour.<\/p>\n<p>[\/et_pb_text][et_pb_accordion open_toggle_text_color=\u00a0\u00bb#1E1A34&Prime; open_toggle_background_color=\u00a0\u00bbRGBA(0,0,0,0)\u00a0\u00bb closed_toggle_text_color=\u00a0\u00bb#1E1A34&Prime; closed_toggle_background_color=\u00a0\u00bbrgba(0,0,0,0)\u00a0\u00bb use_icon_font_size=\u00a0\u00bbon\u00a0\u00bb icon_font_size=\u00a0\u00bb22px\u00a0\u00bb module_class=\u00a0\u00bbfaq-toggle\u00a0\u00bb _builder_version=\u00a0\u00bb4.8.1&Prime; _module_preset=\u00a0\u00bbdefault\u00a0\u00bb toggle_text_color=\u00a0\u00bb#1E1A34&Prime; toggle_level=\u00a0\u00bbh3&Prime; toggle_font=\u00a0\u00bbFrutiger-Pro-Light|700|||||||\u00a0\u00bb toggle_font_size=\u00a0\u00bb26px\u00a0\u00bb closed_toggle_font=\u00a0\u00bbFrutiger-Pro-Light|700|||||||\u00a0\u00bb closed_toggle_font_size=\u00a0\u00bb26px\u00a0\u00bb body_font=\u00a0\u00bbFrutiger-Pro-Light|700|||||||\u00a0\u00bb body_text_color=\u00a0\u00bb#1e1a34&Prime; body_font_size=\u00a0\u00bb16px\u00a0\u00bb border_width_all=\u00a0\u00bb0px\u00a0\u00bb locked=\u00a0\u00bboff\u00a0\u00bb global_colors_info=\u00a0\u00bb{}\u00a0\u00bb][et_pb_accordion_item title=\u00a0\u00bbFoire Aux Questions\u00a0\u00bb open=\u00a0\u00bbon\u00a0\u00bb _builder_version=\u00a0\u00bb4.8.1&Prime; _module_preset=\u00a0\u00bbdefault\u00a0\u00bb global_colors_info=\u00a0\u00bb{}\u00a0\u00bb]<a href=\"https:\/\/vls.ecampusontario.ca\/wp-content\/uploads\/2021\/01\/VLS-FAQ-FR.pdf\"><span style=\"text-decoration: underline;\">Foire Aux Questions<\/span><\/a>[\/et_pb_accordion_item][\/et_pb_accordion][et_pb_accordion open_toggle_text_color=\u00a0\u00bb#1E1A34&Prime; open_toggle_background_color=\u00a0\u00bbRGBA(0,0,0,0)\u00a0\u00bb closed_toggle_text_color=\u00a0\u00bb#1E1A34&Prime; closed_toggle_background_color=\u00a0\u00bbrgba(0,0,0,0)\u00a0\u00bb use_icon_font_size=\u00a0\u00bbon\u00a0\u00bb icon_font_size=\u00a0\u00bb22px\u00a0\u00bb module_class=\u00a0\u00bbfaq-toggle\u00a0\u00bb _builder_version=\u00a0\u00bb4.10.4&Prime; _module_preset=\u00a0\u00bbdefault\u00a0\u00bb toggle_text_color=\u00a0\u00bb#1E1A34&Prime; toggle_level=\u00a0\u00bbh3&Prime; toggle_font=\u00a0\u00bbFrutiger-Pro-Light|700|||||||\u00a0\u00bb toggle_font_size=\u00a0\u00bb26px\u00a0\u00bb closed_toggle_font=\u00a0\u00bbFrutiger-Pro-Light|700|||||||\u00a0\u00bb closed_toggle_font_size=\u00a0\u00bb26px\u00a0\u00bb body_font=\u00a0\u00bbFrutiger-Pro-Light|700|||||||\u00a0\u00bb body_text_color=\u00a0\u00bb#1e1a34&Prime; body_font_size=\u00a0\u00bb16px\u00a0\u00bb hover_enabled=\u00a0\u00bb0&Prime; border_width_all=\u00a0\u00bb0px\u00a0\u00bb locked=\u00a0\u00bboff\u00a0\u00bb global_colors_info=\u00a0\u00bb{}\u00a0\u00bb sticky_enabled=\u00a0\u00bb0&Prime;][et_pb_accordion_item title=\u00a0\u00bbLes licences Ontario Commons\u00a0\u00bb open=\u00a0\u00bbon\u00a0\u00bb _builder_version=\u00a0\u00bb4.10.4&Prime; _module_preset=\u00a0\u00bbdefault\u00a0\u00bb hover_enabled=\u00a0\u00bb0&Prime; global_colors_info=\u00a0\u00bb{}\u00a0\u00bb sticky_enabled=\u00a0\u00bb0&Prime;]<span style=\"text-decoration: underline;\"><a href=\"https:\/\/www.ecampusontario.ca\/wp-content\/uploads\/2021\/10\/Ontario-Commons-License-1-FR.pdf%20\"><strong>La Licence Creative Commons de L\u2019Ontario <\/strong><\/a><\/span><\/p>\n<p><a href=\"https:\/\/www.ecampusontario.ca\/wp-content\/uploads\/2021\/10\/Ontario-Commons-License-No-Derivatives-FR.pdf\"><span style=\"text-decoration: underline;\"><strong>La Licence Creative Commons de L\u2019Ontario &#8211; Sans oeuvre d\u00e9riv\u00e9e<\/strong> <\/span><\/a>[\/et_pb_accordion_item][\/et_pb_accordion][et_pb_accordion open_toggle_text_color=\u00a0\u00bb#fcb53b\u00a0\u00bb open_toggle_background_color=\u00a0\u00bb#ffffff\u00a0\u00bb closed_toggle_text_color=\u00a0\u00bb#fcb53b\u00a0\u00bb closed_toggle_background_color=\u00a0\u00bbrgba(0,0,0,0)\u00a0\u00bb use_icon_font_size=\u00a0\u00bbon\u00a0\u00bb icon_font_size=\u00a0\u00bb22px\u00a0\u00bb disabled_on=\u00a0\u00bbon|on|on\u00a0\u00bb _builder_version=\u00a0\u00bb4.8.2&Prime; _module_preset=\u00a0\u00bbdefault\u00a0\u00bb toggle_text_color=\u00a0\u00bb#fcb53b\u00a0\u00bb toggle_level=\u00a0\u00bbh3&Prime; toggle_font=\u00a0\u00bbFrutiger-Pro-Light|700|||||||\u00a0\u00bb toggle_font_size=\u00a0\u00bb26px\u00a0\u00bb closed_toggle_font=\u00a0\u00bbFrutiger-Pro-Light|700|||||||\u00a0\u00bb closed_toggle_font_size=\u00a0\u00bb26px\u00a0\u00bb body_font=\u00a0\u00bbFrutiger-Pro-Light|700|||||||\u00a0\u00bb body_text_color=\u00a0\u00bb#1e1a34&Prime; body_font_size=\u00a0\u00bb16px\u00a0\u00bb border_width_all=\u00a0\u00bb0px\u00a0\u00bb disabled=\u00a0\u00bbon\u00a0\u00bb global_colors_info=\u00a0\u00bb{}\u00a0\u00bb][et_pb_accordion_item title=\u00a0\u00bbCapacit\u00e9 num\u00e9rique &#8211; Soutien en mode de collaboration\u00a0\u00bb open=\u00a0\u00bbon\u00a0\u00bb _builder_version=\u00a0\u00bb4.8.1&Prime; _module_preset=\u00a0\u00bba08affde-07b8-4436-be0c-caedf431c0ba\u00a0\u00bb global_colors_info=\u00a0\u00bb{}\u00a0\u00bb]Un total de 1 million de dollars est disponible pour les subventions sous Capacit\u00e9 num\u00e9rique &#8211; Soutien en mode de collaboration<\/p>\n<ul>\n<li><span style=\"text-decoration: underline;\"><a href=\"\/wp-content\/uploads\/2021\/01\/Capacite\u0301-nume\u0301rique-Soutien-en-mode-de-collaboration-EOI-FR-V2.pdf\">Capacit\u00e9 num\u00e9rique &#8211; Soutien en mode de collaboration &#8211; MI<\/a><\/span><\/li>\n<li><span style=\"text-decoration: underline;\"><a href=\"\/wp-content\/uploads\/2021\/01\/Capacite\u0301-nume\u0301rique-Soutien-en-mode-de-collaboration-MODE\u0300LE-DE-SOUMISSION-.docx\">Capacite\u0301 nume\u0301rique &#8211; Soutien en mode de collaboration, MODE\u0300LE DE SOUMISSION<\/a><\/span><\/li>\n<li>\n<a href=\"https:\/\/vls.ecampusontario.ca\/wp-content\/uploads\/2021\/01\/VLS-EOI-Project-Plan-Template_fr-CA.xlsx\"><span style=\"text-decoration: underline;\">Mod\u00e8le pour plan de projet des manifestations d\u2019int\u00e9r\u00eats de la SAV<\/span><\/a><\/li>\n<\/ul>\n<p>[\/et_pb_accordion_item][et_pb_accordion_item title=\u00a0\u00bbCapacit\u00e9 num\u00e9rique &#8211; Soutiens cibl\u00e9s\u00a0\u00bb _builder_version=\u00a0\u00bb4.8.1&Prime; _module_preset=\u00a0\u00bbdefault\u00a0\u00bb global_colors_info=\u00a0\u00bb{}\u00a0\u00bb open=\u00a0\u00bboff\u00a0\u00bb]<\/p>\n<p>Un total de 7 millions de dollars est disponible pour des subventions sous Capacit\u00e9 num\u00e9rique &#8211; Soutiens cibl\u00e9s<\/p>\n<ul>\n<li><span style=\"text-decoration: underline;\"><a href=\"\/wp-content\/uploads\/2021\/01\/Capacite\u0301-nume\u0301rique-Soutiens-cible\u0301s-EOI-FR-V2.pdf\">Capacit\u00e9 num\u00e9rique &#8211; Soutiens cibl\u00e9s &#8211; MI<\/a><\/span><\/li>\n<li><span style=\"text-decoration: underline;\"><a href=\"\/wp-content\/uploads\/2021\/01\/Capacite\u0301-nume\u0301rique-Soutiens-cible\u0301s-MODE\u0300LE-DE-SOUMISSION.docx\">Capacite\u0301 nume\u0301rique &#8211; Soutiens cible\u0301s, MODE\u0300LE DE SOUMISSION<\/a><\/span><\/li>\n<li>\n<a href=\"https:\/\/vls.ecampusontario.ca\/wp-content\/uploads\/2021\/01\/VLS-EOI-Project-Plan-Template_fr-CA.xlsx\"><span style=\"text-decoration: underline;\">Mod\u00e8le pour plan de projet des manifestations d\u2019int\u00e9r\u00eats de la SAV<\/span><\/a><\/li>\n<\/ul>\n<p>[\/et_pb_accordion_item][et_pb_accordion_item title=\u00a0\u00bbContenu num\u00e9rique\u00a0\u00bb _builder_version=\u00a0\u00bb4.8.1&Prime; _module_preset=\u00a0\u00bbdefault\u00a0\u00bb global_colors_info=\u00a0\u00bb{}\u00a0\u00bb open=\u00a0\u00bboff\u00a0\u00bb]<\/p>\n<p>Un total de 25 millions de dollars est disponible pour des subventions sous Contenu num\u00e9rique <\/p>\n<ul>\n<li><span style=\"text-decoration: underline;\"><a href=\"\/wp-content\/uploads\/2021\/01\/Contenu-nume\u0301rique-EOI-FR-V2.pdf\">Contenu num\u00e9rique &#8211; MI<\/a><\/span><\/li>\n<li><span style=\"text-decoration: underline;\"><a href=\"\/wp-content\/uploads\/2021\/01\/Contenu-nume\u0301rique-MODE\u0300LE-DE-SOUMISSION.docx\">Contenu nume\u0301rique &#8211; MODE\u0300LE DE SOUMISSION<\/a><\/span><\/li>\n<li>\n<a href=\"https:\/\/vls.ecampusontario.ca\/wp-content\/uploads\/2021\/01\/VLS-EOI-Project-Plan-Template_fr-CA.xlsx\"><span style=\"text-decoration: underline;\">Mod\u00e8le pour plan de projet des manifestations d\u2019int\u00e9r\u00eats de la SAV<\/span><\/a><\/li>\n<\/ul>\n<p>[\/et_pb_accordion_item][et_pb_accordion_item title=\u00a0\u00bbLivraison num\u00e9rique \u2013 Projets de d\u00e9monstration\u00a0\u00bb _builder_version=\u00a0\u00bb4.8.1&Prime; _module_preset=\u00a0\u00bbdefault\u00a0\u00bb global_colors_info=\u00a0\u00bb{}\u00a0\u00bb open=\u00a0\u00bboff\u00a0\u00bb]<\/p>\n<p>Un total de 1 million est disponible pour des subventions sous Livraison num\u00e9rique \u2013 Projets de d\u00e9monstration<\/p>\n<ul>\n<li><span style=\"text-decoration: underline;\"><a href=\"\/wp-content\/uploads\/2021\/01\/Livraison-nume\u0301rique-EOI-FR-Jan18-V2.pdf\">Livraison nume\u0301rique &#8211; MI<\/a><\/span><\/li>\n<li><span style=\"text-decoration: underline;\"><a href=\"\/wp-content\/uploads\/2021\/01\/Livraison-nume\u0301rique-MODE\u0300LE-DE-SOUMISSION.docx\">Livraison nume\u0301rique &#8211; MODE\u0300LE DE SOUMISSION<\/a><\/span><\/li>\n<li>\n<a href=\"https:\/\/vls.ecampusontario.ca\/wp-content\/uploads\/2021\/01\/VLS-EOI-Project-Plan-Template_fr-CA.xlsx\"><span style=\"text-decoration: underline;\">Mod\u00e8le pour plan de projet des manifestations d\u2019int\u00e9r\u00eats de la SAV<\/span><\/a><\/li>\n<\/ul>\n<p>[\/et_pb_accordion_item][et_pb_accordion_item title=\u00a0\u00bbMa\u00eetrise du num\u00e9rique &#8211; Appui p\u00e9dagogique\u00a0\u00bb _builder_version=\u00a0\u00bb4.8.1&Prime; _module_preset=\u00a0\u00bbdefault\u00a0\u00bb global_colors_info=\u00a0\u00bb{}\u00a0\u00bb open=\u00a0\u00bboff\u00a0\u00bb]<\/p>\n<p>Un total de 5 millions de dollars est disponible pour des subventions sous Ma\u00eetrise du num\u00e9rique &#8211; Appui p\u00e9dagogique<\/p>\n<ul>\n<li><span style=\"text-decoration: underline;\"><a href=\"\/wp-content\/uploads\/2021\/01\/Mai\u0302trise-du-nume\u0301rique-Appui-pe\u0301dagogique-EOI-FR-V2.pdf\">Mai\u0302trise du nume\u0301rique &#8211; Appui pe\u0301dagogique &#8211; MI<\/a><\/span><\/li>\n<li><span style=\"text-decoration: underline;\"><a href=\"\/wp-content\/uploads\/2021\/01\/Mai\u0302trise-du-nume\u0301rique-Appui-pe\u0301dagogique-MODE\u0300LE-DE-SOUMISSION.docx\">Mai\u0302trise du nume\u0301rique &#8211; Appui pe\u0301dagogique &#8211; MODE\u0300LE DE SOUMISSION<\/a><\/span><\/li>\n<li>\n<a href=\"https:\/\/vls.ecampusontario.ca\/wp-content\/uploads\/2021\/01\/VLS-EOI-Project-Plan-Template_fr-CA.xlsx\"><span style=\"text-decoration: underline;\">Mod\u00e8le pour plan de projet des manifestations d\u2019int\u00e9r\u00eats de la SAV<\/span><\/a><\/li>\n<\/ul>\n<p>[\/et_pb_accordion_item][\/et_pb_accordion][et_pb_button button_url=\u00a0\u00bbhttps:\/\/learnonline.ecampusontario.ca\/proposal-submission\/14&Prime; url_new_window=\u00a0\u00bbon\u00a0\u00bb button_text=\u00a0\u00bbSoumettre une demande\u00a0\u00bb disabled_on=\u00a0\u00bbon|on|on\u00a0\u00bb _builder_version=\u00a0\u00bb4.8.2&Prime; _module_preset=\u00a0\u00bb75bd51c0-e015-4587-b9d5-41a91e5d5eea\u00a0\u00bb disabled=\u00a0\u00bbon\u00a0\u00bb global_colors_info=\u00a0\u00bb{}\u00a0\u00bb][\/et_pb_button][et_pb_button button_url=\u00a0\u00bbhttps:\/\/vls.ecampusontario.ca\/wp-content\/uploads\/2021\/01\/VLS_Submission-Guide-FR.pdf\u00a0\u00bb button_text=\u00a0\u00bbGuide de soumission de propositions de la SAV\u00a0\u00bb disabled_on=\u00a0\u00bbon|on|on\u00a0\u00bb _builder_version=\u00a0\u00bb4.8.2&Prime; _module_preset=\u00a0\u00bb75bd51c0-e015-4587-b9d5-41a91e5d5eea\u00a0\u00bb disabled=\u00a0\u00bbon\u00a0\u00bb global_colors_info=\u00a0\u00bb{}\u00a0\u00bb][\/et_pb_button][et_pb_text _builder_version=\u00a0\u00bb4.8.2&Prime; _module_preset=\u00a0\u00bbdefault\u00a0\u00bb text_font_size=\u00a0\u00bb24px\u00a0\u00bb text_orientation=\u00a0\u00bbcenter\u00a0\u00bb global_colors_info=\u00a0\u00bb{}\u00a0\u00bb]<\/p>\n<div>Soumissions maintenant ferm\u00e9es.<\/div>\n<p>[\/et_pb_text][\/et_pb_column][\/et_pb_row][\/et_pb_section][et_pb_section fb_built=\u00a0\u00bb1&Prime; _builder_version=\u00a0\u00bb4.7.3&Prime; _module_preset=\u00a0\u00bbdefault\u00a0\u00bb background_color=\u00a0\u00bb#1e1a34&Prime; custom_padding=\u00a0\u00bb||2px|||\u00a0\u00bb da_disable_devices=\u00a0\u00bboff|off|off\u00a0\u00bb global_colors_info=\u00a0\u00bb{}\u00a0\u00bb da_is_popup=\u00a0\u00bboff\u00a0\u00bb da_exit_intent=\u00a0\u00bboff\u00a0\u00bb da_has_close=\u00a0\u00bbon\u00a0\u00bb da_alt_close=\u00a0\u00bboff\u00a0\u00bb da_dark_close=\u00a0\u00bboff\u00a0\u00bb da_not_modal=\u00a0\u00bbon\u00a0\u00bb da_is_singular=\u00a0\u00bboff\u00a0\u00bb da_with_loader=\u00a0\u00bboff\u00a0\u00bb da_has_shadow=\u00a0\u00bbon\u00a0\u00bb][et_pb_row column_structure=\u00a0\u00bb1_6,1_6,1_6,1_6,1_6,1_6&Prime; _builder_version=\u00a0\u00bb4.7.3&Prime; _module_preset=\u00a0\u00bbdefault\u00a0\u00bb width=\u00a0\u00bb95%\u00a0\u00bb max_width=\u00a0\u00bb95%\u00a0\u00bb custom_margin=\u00a0\u00bb0px||0px||true|false\u00a0\u00bb custom_padding=\u00a0\u00bb0px||0px||true|false\u00a0\u00bb global_colors_info=\u00a0\u00bb{}\u00a0\u00bb][et_pb_column type=\u00a0\u00bb1_6&Prime; _builder_version=\u00a0\u00bb4.7.3&Prime; _module_preset=\u00a0\u00bbdefault\u00a0\u00bb global_colors_info=\u00a0\u00bb{}\u00a0\u00bb][et_pb_image src=\u00a0\u00bbhttps:\/\/vls.ecampusontario.ca\/wp-content\/uploads\/2020\/11\/eco-wordmark-white.png\u00a0\u00bb alt=\u00a0\u00bbeCampusontario Logo\u00a0\u00bb title_text=\u00a0\u00bbeco-wordmark-white\u00a0\u00bb _builder_version=\u00a0\u00bb4.7.3&Prime; _module_preset=\u00a0\u00bbdefault\u00a0\u00bb width_tablet=\u00a0\u00bb100%\u00a0\u00bb width_phone=\u00a0\u00bb50%\u00a0\u00bb width_last_edited=\u00a0\u00bbon|phone\u00a0\u00bb module_alignment=\u00a0\u00bbcenter\u00a0\u00bb global_colors_info=\u00a0\u00bb{}\u00a0\u00bb][\/et_pb_image][\/et_pb_column][et_pb_column type=\u00a0\u00bb1_6&Prime; _builder_version=\u00a0\u00bb4.7.3&Prime; _module_preset=\u00a0\u00bbdefault\u00a0\u00bb global_colors_info=\u00a0\u00bb{}\u00a0\u00bb][et_pb_image src=\u00a0\u00bbhttps:\/\/vls.ecampusontario.ca\/wp-content\/uploads\/2020\/11\/ontario-logo-1.png\u00a0\u00bb alt=\u00a0\u00bbOntario-Logo\u00a0\u00bb title_text=\u00a0\u00bbontario-logo (1)\u00a0\u00bb _builder_version=\u00a0\u00bb4.7.3&Prime; _module_preset=\u00a0\u00bbdefault\u00a0\u00bb width_tablet=\u00a0\u00bb100%\u00a0\u00bb width_phone=\u00a0\u00bb50%\u00a0\u00bb width_last_edited=\u00a0\u00bbon|phone\u00a0\u00bb module_alignment=\u00a0\u00bbcenter\u00a0\u00bb global_colors_info=\u00a0\u00bb{}\u00a0\u00bb][\/et_pb_image][\/et_pb_column][et_pb_column type=\u00a0\u00bb1_6&Prime; _builder_version=\u00a0\u00bb4.7.3&Prime; _module_preset=\u00a0\u00bbdefault\u00a0\u00bb global_colors_info=\u00a0\u00bb{}\u00a0\u00bb][\/et_pb_column][et_pb_column type=\u00a0\u00bb1_6&Prime; _builder_version=\u00a0\u00bb4.7.3&Prime; _module_preset=\u00a0\u00bbdefault\u00a0\u00bb global_colors_info=\u00a0\u00bb{}\u00a0\u00bb][\/et_pb_column][et_pb_column type=\u00a0\u00bb1_6&Prime; _builder_version=\u00a0\u00bb4.7.3&Prime; _module_preset=\u00a0\u00bbdefault\u00a0\u00bb global_colors_info=\u00a0\u00bb{}\u00a0\u00bb][\/et_pb_column][et_pb_column type=\u00a0\u00bb1_6&Prime; _builder_version=\u00a0\u00bb4.7.3&Prime; _module_preset=\u00a0\u00bbdefault\u00a0\u00bb global_colors_info=\u00a0\u00bb{}\u00a0\u00bb][\/et_pb_column][\/et_pb_row][et_pb_row column_structure=\u00a0\u00bb1_3,2_3&Prime; _builder_version=\u00a0\u00bb4.6.6&Prime; _module_preset=\u00a0\u00bbdefault\u00a0\u00bb width=\u00a0\u00bb95%\u00a0\u00bb max_width=\u00a0\u00bb95%\u00a0\u00bb global_colors_info=\u00a0\u00bb{}\u00a0\u00bb][et_pb_column type=\u00a0\u00bb1_3&Prime; _builder_version=\u00a0\u00bb4.6.6&Prime; _module_preset=\u00a0\u00bbdefault\u00a0\u00bb global_colors_info=\u00a0\u00bb{}\u00a0\u00bb][et_pb_text _builder_version=\u00a0\u00bb4.7.5&Prime; _module_preset=\u00a0\u00bb55b77ebb-b59f-4f8d-b74f-86272540b1a2&Prime; text_text_color=\u00a0\u00bb#ffffff\u00a0\u00bb global_colors_info=\u00a0\u00bb{}\u00a0\u00bb]<\/p>\n<p><span>eCampusOntario est un centre d\u2019excellence sans but lucratif et un chef de file mondial en mati\u00e8re d\u2019innovation en enseignement et en apprentissage par la technologie.<\/span><\/p>\n<p>[\/et_pb_text][\/et_pb_column][et_pb_column type=\u00a0\u00bb2_3&Prime; _builder_version=\u00a0\u00bb4.6.6&Prime; _module_preset=\u00a0\u00bbdefault\u00a0\u00bb global_colors_info=\u00a0\u00bb{}\u00a0\u00bb][\/et_pb_column][\/et_pb_row][\/et_pb_section]<\/p>\n","protected":false},"excerpt":{"rendered":"<p>eCampusOntarioStrat\u00e9gie d&rsquo;apprentissage virtuel (SAV)Manifestation d\u2019int\u00e9r\u00eat (MI)Les demandes pour le portail de la Strat\u00e9gie d\u2019apprentissage virtuel sont d\u00e9sormais termin\u00e9es!\u00a0 Nous f\u00e9licitons tous ceux qui ont demand\u00e9 du financement pour faire avancer les efforts de l\u2019Ontario en mati\u00e8re d\u2019apprentissage virtuel et d\u2019enseignement virtuel.\u00a0Tous les candidats retenus seront inform\u00e9s \u00e0 la suite de l\u2019\u00e9valuation.\u00a0 Cet investissement historique de [&hellip;]<\/p>\n","protected":false},"author":2,"featured_media":0,"parent":0,"menu_order":0,"comment_status":"closed","ping_status":"closed","template":"","meta":{"_et_pb_use_builder":"on","_et_pb_old_content":"<!-- wp:divi\/placeholder \/-->","_et_gb_content_width":"","footnotes":""},"class_list":["post-1001","page","type-page","status-publish","hentry"],"_links":{"self":[{"href":"https:\/\/vls.ecampusontario.ca\/fr\/wp-json\/wp\/v2\/pages\/1001","targetHints":{"allow":["GET"]}}],"collection":[{"href":"https:\/\/vls.ecampusontario.ca\/fr\/wp-json\/wp\/v2\/pages"}],"about":[{"href":"https:\/\/vls.ecampusontario.ca\/fr\/wp-json\/wp\/v2\/types\/page"}],"author":[{"embeddable":true,"href":"https:\/\/vls.ecampusontario.ca\/fr\/wp-json\/wp\/v2\/users\/2"}],"replies":[{"embeddable":true,"href":"https:\/\/vls.ecampusontario.ca\/fr\/wp-json\/wp\/v2\/comments?post=1001"}],"version-history":[{"count":35,"href":"https:\/\/vls.ecampusontario.ca\/fr\/wp-json\/wp\/v2\/pages\/1001\/revisions"}],"predecessor-version":[{"id":2352,"href":"https:\/\/vls.ecampusontario.ca\/fr\/wp-json\/wp\/v2\/pages\/1001\/revisions\/2352"}],"wp:attachment":[{"href":"https:\/\/vls.ecampusontario.ca\/fr\/wp-json\/wp\/v2\/media?parent=1001"}],"curies":[{"name":"wp","href":"https:\/\/api.w.org\/{rel}","templated":true}]}}